{"id":1181,"date":"2025-02-06T11:09:15","date_gmt":"2025-02-06T11:09:15","guid":{"rendered":"https:\/\/wecare.upc.edu\/?page_id=1181"},"modified":"2025-02-11T12:06:35","modified_gmt":"2025-02-11T12:06:35","slug":"video-gallery-2","status":"publish","type":"page","link":"https:\/\/wecare.upc.edu\/index.php\/video-gallery-2\/","title":{"rendered":"video gallery_posts"},"content":{"rendered":"\n        <div class=\"wp-block-getwid-post-carousel custom-post-type-aiovg_videos has-slides-gap-small is-carousel has-arrows-inside has-dots-outside\">\n            <div data-slider-option=\"{&quot;sliderSlidesToShowDesktop&quot;:&quot;2&quot;,&quot;getwid_slidesToShowLaptop&quot;:&quot;2&quot;,&quot;getwid_slidesToShowTablet&quot;:&quot;1&quot;,&quot;getwid_slidesToShowMobile&quot;:&quot;1&quot;,&quot;getwid_autoplay_speed&quot;:6000,&quot;getwid_animation_speed&quot;:800,&quot;getwid_slidesToScroll&quot;:&quot;1&quot;,&quot;getwid_autoplay&quot;:false,&quot;getwid_pause_on_hover&quot;:false,&quot;getwid_infinite&quot;:true,&quot;getwid_center_mode&quot;:false,&quot;getwid_arrows&quot;:&quot;inside&quot;,&quot;getwid_dots&quot;:&quot;outside&quot;}\" class=\"wp-block-getwid-post-carousel__wrapper\">\n                \t\t\t\t\t\t\t<div class=\"wp-block-getwid-post-carousel__slide\">\n\t\t\t\t\t\t\t\t\n<div class=\"wp-block-getwid-post-carousel__post\">\n        <div class=\"wp-block-getwid-post-carousel__post-content-wrapper\">\n        <div class=\"wp-block-getwid-post-carousel__post-header\">\n            <h3 class=\"wp-block-getwid-post-carousel__post-title\"><a href=\"https:\/\/wecare.upc.edu\/?p=903\">A tale of two lakes<\/a><\/h3>        <\/div>\n        <div class=\"wp-block-getwid-post-carousel__post-excerpt\"><p>With the process of reorganising large areas of Bucharest in the 1980s, the D\u00e2mbovi\u021ba River was systematised. Two artificial dam lakes were planned at opposite ends of the city: Lake Morii and Delta V\u0103c\u0103re\u0219ti to prevent flooding. But they became much more. This video shows part of their story.<\/p>\n<\/div>\n    <\/div>\n<\/div>\n\n\t\t\t\t\t\t\t<\/div>\n\t\t\t\t\t\t\t\t\t\t\t\t\t<div class=\"wp-block-getwid-post-carousel__slide\">\n\t\t\t\t\t\t\t\t\n<div class=\"wp-block-getwid-post-carousel__post\">\n        <div class=\"wp-block-getwid-post-carousel__post-content-wrapper\">\n        <div class=\"wp-block-getwid-post-carousel__post-header\">\n            <h3 class=\"wp-block-getwid-post-carousel__post-title\"><a href=\"https:\/\/wecare.upc.edu\/?p=885\">Gardening as resistance<\/a><\/h3>        <\/div>\n        <div class=\"wp-block-getwid-post-carousel__post-excerpt\"><p>Green areas near residential buildings are important resources for some residents of the Cr\u00e2nga\u015fi district. They serve both aesthetic and therapeutic functions for those who design them, creating a collective mosaic.<\/p>\n<\/div>\n    <\/div>\n<\/div>\n\n\t\t\t\t\t\t\t<\/div>\n\t\t\t\t\t\t\t\t\t\t\t\t\t<div class=\"wp-block-getwid-post-carousel__slide\">\n\t\t\t\t\t\t\t\t\n<div class=\"wp-block-getwid-post-carousel__post\">\n        <div class=\"wp-block-getwid-post-carousel__post-content-wrapper\">\n        <div class=\"wp-block-getwid-post-carousel__post-header\">\n            <h3 class=\"wp-block-getwid-post-carousel__post-title\"><a href=\"https:\/\/wecare.upc.edu\/?p=880\">The library as an engine for social relations<\/a><\/h3>        <\/div>\n        <div class=\"wp-block-getwid-post-carousel__post-excerpt\"><p>The Nichita St\u0103nescu Public Library, located in Bucharest&#8217;s Cr\u00e2nga\u015fi district, is one of the last remaining parts of the city&#8217;s public equipment network. The public libraries in Bucharest are important resources for local communities. This video shows how they can become focal points for the neighbourhood hosting different activities and providing resources and spaces for [&hellip;]<\/p>\n<\/div>\n    <\/div>\n<\/div>\n\n\t\t\t\t\t\t\t<\/div>\n\t\t\t\t\t\t            <\/div>\n        <\/div>\n        \n\n\n<div class=\"wp-block-columns alignfull is-layout-flex wp-container-core-columns-is-layout-28f84493 wp-block-columns-is-layout-flex\">\n<div class=\"wp-block-column is-layout-flow wp-block-column-is-layout-flow\" style=\"flex-basis:33.34%\">        <div class=\"wp-block-getwid-custom-post-type custom-post-type-post has-layout-list\">\n            <div class=\"wp-block-getwid-custom-post-type__wrapper\">\n                \t\t\t\t\t\t\t\t<div class='wp-block-getwid-custom-post-type__post'>\n\t\t\t\t\t\t\t\t\t\n<div class=\"wp-block-columns is-layout-flex wp-container-core-columns-is-layout-28f84493 wp-block-columns-is-layout-flex\">\n<div class=\"wp-block-column is-layout-flow wp-block-column-is-layout-flow\" style=\"flex-basis:100%\"><\/div>\n<\/div>\n\n\n\n<div class=\"wp-block-getwid-template-post-content is-content\" >\n<div class=\"wp-block-group alignfull has-custom-vermell-color has-text-color has-link-color wp-elements-0e1c4e3ca13c33c72a1db8dea4ddf7ea has-global-padding is-layout-constrained wp-block-group-is-layout-constrained\">\n<div class=\"wp-block-group alignwide has-global-padding is-layout-constrained wp-block-group-is-layout-constrained\">\n<h3 class=\"wp-block-heading is-style-default has-custom-vermell-color has-text-color has-link-color wp-elements-597024df0cbb63bae83ae7e78d1c60f9\"><strong>The library as an engine for social relations<\/strong><\/h3>\n<\/div>\n\n\n\n<figure class=\"wp-block-video\"><video controls poster=\"https:\/\/wecare.upc.edu\/wp-content\/uploads\/2024\/12\/Bukarest-Library-opening-title.jpg\" src=\"https:\/\/zonavideo.upc.edu\/trackfile\/675acd5a4f108c7e7e5197b2.mp4\"><\/video><\/figure>\n\n\n\n<p>The Nichita St\u0103nescu Public Library, located in Bucharest&#8217;s Cr\u00e2nga\u015fi district, is one of the last remaining parts of the city&#8217;s public equipment network.<br>The public libraries in Bucharest are important resources for local communities. This video shows how they can become focal points for the neighbourhood hosting different activities and providing resources and spaces for the neighbours.<\/p>\n\n\n\n<div style=\"height:100px\" aria-hidden=\"true\" class=\"wp-block-spacer\"><\/div>\n<\/div>\n\n\n\n<p><\/p>\n<\/div>\n\n\n\n<div class=\"wp-block-getwid-template-post-button wp-block-button\" >\n    <a href=\"https:\/\/wecare.upc.edu\/index.php\/2025\/02\/10\/the-library-as-an-engine-for-social-relations\/\"  class=\"wp-block-button__link\" >\n\t\tWatch the video!\t<\/a>\n<\/div>\n\n\n\n<p><\/p>\n\t\t\t\t\t\t\t\t<\/div>\n\t\t\t\t\t\t\t            <\/div>\n\n                    <\/div>\n        <\/div>\n\n\n\n<div class=\"wp-block-column is-layout-flow wp-block-column-is-layout-flow\" style=\"flex-basis:33.33%\">        <div class=\"wp-block-getwid-custom-post-type custom-post-type-post has-layout-list\">\n            <div class=\"wp-block-getwid-custom-post-type__wrapper\">\n                <p>Nothing found.<\/p>            <\/div>\n\n                    <\/div>\n        <\/div>\n\n\n\n<div class=\"wp-block-column is-layout-flow wp-block-column-is-layout-flow\" style=\"flex-basis:33.33%\">        <div class=\"wp-block-getwid-custom-post-type custom-post-type-post has-layout-list\">\n            <div class=\"wp-block-getwid-custom-post-type__wrapper\">\n                \t\t\t\t\t\t\t\t<div class='wp-block-getwid-custom-post-type__post'>\n\t\t\t\t\t\t\t\t\t\n<div class=\"wp-block-columns is-layout-flex wp-container-core-columns-is-layout-28f84493 wp-block-columns-is-layout-flex\">\n<div class=\"wp-block-column is-layout-flow wp-block-column-is-layout-flow\" style=\"flex-basis:100%\"><\/div>\n<\/div>\n\n\n\n<div class=\"wp-block-getwid-template-post-content is-content\" >\n<div class=\"wp-block-group alignfull has-custom-vermell-color has-text-color has-link-color wp-elements-0e1c4e3ca13c33c72a1db8dea4ddf7ea has-global-padding is-layout-constrained wp-block-group-is-layout-constrained\">\n<div class=\"wp-block-group alignwide has-global-padding is-layout-constrained wp-block-group-is-layout-constrained\">\n<h3 class=\"wp-block-heading is-style-default has-custom-vermell-color has-text-color has-link-color wp-elements-597024df0cbb63bae83ae7e78d1c60f9\"><strong>The library as an engine for social relations<\/strong><\/h3>\n<\/div>\n\n\n\n<figure class=\"wp-block-video\"><video controls poster=\"https:\/\/wecare.upc.edu\/wp-content\/uploads\/2024\/12\/Bukarest-Library-opening-title.jpg\" src=\"https:\/\/zonavideo.upc.edu\/trackfile\/675acd5a4f108c7e7e5197b2.mp4\"><\/video><\/figure>\n\n\n\n<p>The Nichita St\u0103nescu Public Library, located in Bucharest&#8217;s Cr\u00e2nga\u015fi district, is one of the last remaining parts of the city&#8217;s public equipment network.<br>The public libraries in Bucharest are important resources for local communities. This video shows how they can become focal points for the neighbourhood hosting different activities and providing resources and spaces for the neighbours.<\/p>\n\n\n\n<div style=\"height:100px\" aria-hidden=\"true\" class=\"wp-block-spacer\"><\/div>\n<\/div>\n\n\n\n<p><\/p>\n<\/div>\n\n\n\n<div class=\"wp-block-getwid-template-post-button wp-block-button\" >\n    <a href=\"https:\/\/wecare.upc.edu\/index.php\/2025\/02\/10\/the-library-as-an-engine-for-social-relations\/\"  class=\"wp-block-button__link\" >\n\t\tWatch the video!\t<\/a>\n<\/div>\n\n\n\n<p><\/p>\n\t\t\t\t\t\t\t\t<\/div>\n\t\t\t\t\t\t\t            <\/div>\n\n                    <\/div>\n        <\/div>\n<\/div>\n\n\n\n<p><\/p>\n","protected":false},"excerpt":{"rendered":"","protected":false},"author":2,"featured_media":0,"parent":0,"menu_order":0,"comment_status":"closed","ping_status":"closed","template":"","meta":{"footnotes":""},"class_list":["post-1181","page","type-page","status-publish","hentry"],"yoast_head":"<!-- This site is optimized with the Yoast SEO plugin v24.9 - https:\/\/yoast.com\/wordpress\/plugins\/seo\/ -->\n<title>video gallery_posts - WECARE<\/title>\n<meta name=\"robots\" content=\"index, follow, max-snippet:-1, max-image-preview:large, max-video-preview:-1\" \/>\n<link rel=\"canonical\" href=\"https:\/\/wecare.upc.edu\/index.php\/video-gallery-2\/\" \/>\n<meta property=\"og:locale\" content=\"en_US\" \/>\n<meta property=\"og:type\" content=\"article\" \/>\n<meta property=\"og:title\" content=\"video gallery_posts - WECARE\" \/>\n<meta property=\"og:url\" content=\"https:\/\/wecare.upc.edu\/index.php\/video-gallery-2\/\" \/>\n<meta property=\"og:site_name\" content=\"WECARE\" \/>\n<meta property=\"article:modified_time\" content=\"2025-02-11T12:06:35+00:00\" \/>\n<meta name=\"twitter:card\" content=\"summary_large_image\" \/>\n<script type=\"application\/ld+json\" class=\"yoast-schema-graph\">{\"@context\":\"https:\/\/schema.org\",\"@graph\":[{\"@type\":\"WebPage\",\"@id\":\"https:\/\/wecare.upc.edu\/index.php\/video-gallery-2\/\",\"url\":\"https:\/\/wecare.upc.edu\/index.php\/video-gallery-2\/\",\"name\":\"video gallery_posts - WECARE\",\"isPartOf\":{\"@id\":\"https:\/\/wecare.upc.edu\/#website\"},\"datePublished\":\"2025-02-06T11:09:15+00:00\",\"dateModified\":\"2025-02-11T12:06:35+00:00\",\"breadcrumb\":{\"@id\":\"https:\/\/wecare.upc.edu\/index.php\/video-gallery-2\/#breadcrumb\"},\"inLanguage\":\"en-US\",\"potentialAction\":[{\"@type\":\"ReadAction\",\"target\":[\"https:\/\/wecare.upc.edu\/index.php\/video-gallery-2\/\"]}]},{\"@type\":\"BreadcrumbList\",\"@id\":\"https:\/\/wecare.upc.edu\/index.php\/video-gallery-2\/#breadcrumb\",\"itemListElement\":[{\"@type\":\"ListItem\",\"position\":1,\"name\":\"Home\",\"item\":\"https:\/\/wecare.upc.edu\/\"},{\"@type\":\"ListItem\",\"position\":2,\"name\":\"video gallery_posts\"}]},{\"@type\":\"WebSite\",\"@id\":\"https:\/\/wecare.upc.edu\/#website\",\"url\":\"https:\/\/wecare.upc.edu\/\",\"name\":\"WECARE\",\"description\":\"\",\"publisher\":{\"@id\":\"https:\/\/wecare.upc.edu\/#organization\"},\"potentialAction\":[{\"@type\":\"SearchAction\",\"target\":{\"@type\":\"EntryPoint\",\"urlTemplate\":\"https:\/\/wecare.upc.edu\/?s={search_term_string}\"},\"query-input\":{\"@type\":\"PropertyValueSpecification\",\"valueRequired\":true,\"valueName\":\"search_term_string\"}}],\"inLanguage\":\"en-US\"},{\"@type\":\"Organization\",\"@id\":\"https:\/\/wecare.upc.edu\/#organization\",\"name\":\"WECARE\",\"url\":\"https:\/\/wecare.upc.edu\/\",\"logo\":{\"@type\":\"ImageObject\",\"inLanguage\":\"en-US\",\"@id\":\"https:\/\/wecare.upc.edu\/#\/schema\/logo\/image\/\",\"url\":\"https:\/\/wecare.upc.edu\/wp-content\/uploads\/2024\/02\/logo1-1.png\",\"contentUrl\":\"https:\/\/wecare.upc.edu\/wp-content\/uploads\/2024\/02\/logo1-1.png\",\"width\":300,\"height\":300,\"caption\":\"WECARE\"},\"image\":{\"@id\":\"https:\/\/wecare.upc.edu\/#\/schema\/logo\/image\/\"}}]}<\/script>\n<!-- \/ Yoast SEO plugin. -->","yoast_head_json":{"title":"video gallery_posts - WECARE","robots":{"index":"index","follow":"follow","max-snippet":"max-snippet:-1","max-image-preview":"max-image-preview:large","max-video-preview":"max-video-preview:-1"},"canonical":"https:\/\/wecare.upc.edu\/index.php\/video-gallery-2\/","og_locale":"en_US","og_type":"article","og_title":"video gallery_posts - WECARE","og_url":"https:\/\/wecare.upc.edu\/index.php\/video-gallery-2\/","og_site_name":"WECARE","article_modified_time":"2025-02-11T12:06:35+00:00","twitter_card":"summary_large_image","schema":{"@context":"https:\/\/schema.org","@graph":[{"@type":"WebPage","@id":"https:\/\/wecare.upc.edu\/index.php\/video-gallery-2\/","url":"https:\/\/wecare.upc.edu\/index.php\/video-gallery-2\/","name":"video gallery_posts - WECARE","isPartOf":{"@id":"https:\/\/wecare.upc.edu\/#website"},"datePublished":"2025-02-06T11:09:15+00:00","dateModified":"2025-02-11T12:06:35+00:00","breadcrumb":{"@id":"https:\/\/wecare.upc.edu\/index.php\/video-gallery-2\/#breadcrumb"},"inLanguage":"en-US","potentialAction":[{"@type":"ReadAction","target":["https:\/\/wecare.upc.edu\/index.php\/video-gallery-2\/"]}]},{"@type":"BreadcrumbList","@id":"https:\/\/wecare.upc.edu\/index.php\/video-gallery-2\/#breadcrumb","itemListElement":[{"@type":"ListItem","position":1,"name":"Home","item":"https:\/\/wecare.upc.edu\/"},{"@type":"ListItem","position":2,"name":"video gallery_posts"}]},{"@type":"WebSite","@id":"https:\/\/wecare.upc.edu\/#website","url":"https:\/\/wecare.upc.edu\/","name":"WECARE","description":"","publisher":{"@id":"https:\/\/wecare.upc.edu\/#organization"},"potentialAction":[{"@type":"SearchAction","target":{"@type":"EntryPoint","urlTemplate":"https:\/\/wecare.upc.edu\/?s={search_term_string}"},"query-input":{"@type":"PropertyValueSpecification","valueRequired":true,"valueName":"search_term_string"}}],"inLanguage":"en-US"},{"@type":"Organization","@id":"https:\/\/wecare.upc.edu\/#organization","name":"WECARE","url":"https:\/\/wecare.upc.edu\/","logo":{"@type":"ImageObject","inLanguage":"en-US","@id":"https:\/\/wecare.upc.edu\/#\/schema\/logo\/image\/","url":"https:\/\/wecare.upc.edu\/wp-content\/uploads\/2024\/02\/logo1-1.png","contentUrl":"https:\/\/wecare.upc.edu\/wp-content\/uploads\/2024\/02\/logo1-1.png","width":300,"height":300,"caption":"WECARE"},"image":{"@id":"https:\/\/wecare.upc.edu\/#\/schema\/logo\/image\/"}}]}},"_links":{"self":[{"href":"https:\/\/wecare.upc.edu\/index.php\/wp-json\/wp\/v2\/pages\/1181","targetHints":{"allow":["GET"]}}],"collection":[{"href":"https:\/\/wecare.upc.edu\/index.php\/wp-json\/wp\/v2\/pages"}],"about":[{"href":"https:\/\/wecare.upc.edu\/index.php\/wp-json\/wp\/v2\/types\/page"}],"author":[{"embeddable":true,"href":"https:\/\/wecare.upc.edu\/index.php\/wp-json\/wp\/v2\/users\/2"}],"replies":[{"embeddable":true,"href":"https:\/\/wecare.upc.edu\/index.php\/wp-json\/wp\/v2\/comments?post=1181"}],"version-history":[{"count":13,"href":"https:\/\/wecare.upc.edu\/index.php\/wp-json\/wp\/v2\/pages\/1181\/revisions"}],"predecessor-version":[{"id":1274,"href":"https:\/\/wecare.upc.edu\/index.php\/wp-json\/wp\/v2\/pages\/1181\/revisions\/1274"}],"wp:attachment":[{"href":"https:\/\/wecare.upc.edu\/index.php\/wp-json\/wp\/v2\/media?parent=1181"}],"curies":[{"name":"wp","href":"https:\/\/api.w.org\/{rel}","templated":true}]}}